{"id":3479,"date":"2017-05-11T13:04:27","date_gmt":"2017-05-11T13:04:27","guid":{"rendered":"https:\/\/nihankaya.com\/resume\/"},"modified":"2025-02-13T11:30:26","modified_gmt":"2025-02-13T11:30:26","slug":"resume","status":"publish","type":"page","link":"https:\/\/nihankaya.com\/en\/resume\/","title":{"rendered":"Resume"},"content":{"rendered":"<div class=\"wpb-content-wrapper\"><p>[vc_row][vc_column]<div class=\"event\"><h2>Books<\/h2>[vc_icon icon_fontawesome=&#8221;fas fa-book&#8221; color=&#8221;white&#8221; background_style=&#8221;rounded&#8221; background_color=&#8221;black&#8221; size=&#8221;sm&#8221;]<\/div>\n<div class=\"event current\">\n<h6>2024<\/p>\n<h6>\n<h4>Don&#8217;t Force Me to Milk, Let Me Feed You (Beni Zorla Sa\u011fma, B\u0131rak Ben Emzireyim Seni)<\/h4>\n<h5>OKUYAN US YAYIN<\/h5>\n<p>From her first lines to today, she has upset the bestseller lists. The author of There Is No Such Thing as a Perfect Family, There Is No Such Thing as a Perfect Society, and All Children Are Good, Nihan Kaya is now at Okuyan Us with all her new and old books!<\/p>\n<p>Don&#8217;t Force Me to Milk, Let Me Feed You is a book that questions the difference between species.<\/p>\n<p>[vc_btn title=&#8221;EXPLORE&#8221; style=&#8221;outline&#8221; shape=&#8221;square&#8221; color=&#8221;black&#8221; align=&#8221;left&#8221; link=&#8221;url:https%3A%2F%2Fnihankaya.com%2Fen%2Fbook%2Fdont-force-me-to-milk-let-me-feed-you-beni-zorla-sagma-birak-ben-emzireyim-seni%2F|title:Don&#8217;t%20Force%20Me%20to%20Milk|target:_blank|&#8221; size=&#8221;sm&#8221;]<\/p>\n<\/div>\n<div class=\"event current\">\n<h6>2024<\/p>\n<h6>\n<h4>Baby School (Bebekler Okulu)<\/h4>\n<h5>EKS\u0130K PAR\u00c7A \u00c7OCUK<\/h5>\n<p>We throw our toy on the ground.<\/p>\n<p>[vc_btn title=&#8221;EXPLORE&#8221; style=&#8221;outline&#8221; shape=&#8221;square&#8221; color=&#8221;black&#8221; align=&#8221;left&#8221; link=&#8221;url:https%3A%2F%2Fnihankaya.com%2Fen%2Fbook%2Fbaby-school-bebekler-okulu%2F|title:Baby%20School|target:_blank|&#8221; size=&#8221;sm&#8221;]<\/p>\n<\/div>\n<div class=\"event current\">\n<h6>September 2023<\/p>\n<h6>\n<h4>Reasons and Solutions for Procrastination (Erteleme Nedenleri ve \u00c7\u00f6z\u00fcmleri)<\/h4>\n<h5>EKS\u0130K PAR\u00c7A YAYINLARI<\/h5>\n<p>Doing a task takes two hours, not doing it takes hours, days, weeks.<\/p>\n<p>[vc_btn title=&#8221;EXPLORE&#8221; style=&#8221;outline&#8221; shape=&#8221;square&#8221; color=&#8221;black&#8221; align=&#8221;left&#8221; link=&#8221;url:https%3A%2F%2Fnihankaya.com%2Fen%2Fbook%2Freasons-and-solutions-for-procrastination-erteleme-nedenleri-ve-cozumleri%2F|title:Reasons%20and%20Solutions%20for%20Procrastination|target:_blank|&#8221; size=&#8221;sm&#8221;]<\/p>\n<\/div>\n<div class=\"event current\">\n<h6>July 2023<\/p>\n<h6>\n<h4>The Heart Living in a Flowerpot (Saks\u0131da Ya\u015fayan Kalp)<\/h4>\n<h5>EKS\u0130K PAR\u00c7A \u00c7OCUK<\/h5>\n<p>I planted my heart in a flowerpot.<\/p>\n<p>[vc_btn title=&#8221;EXPLORE&#8221; style=&#8221;outline&#8221; shape=&#8221;square&#8221; color=&#8221;black&#8221; align=&#8221;left&#8221; link=&#8221;url:https%3A%2F%2Fnihankaya.com%2Fen%2Fbook%2Fthe-heart-living-in-a-flowerpot-saksida-yasayan-kalp%2F|title:The%20Heart%20Living%20in%20a%20Flowerpot|target:_blank|&#8221; size=&#8221;sm&#8221;]<\/p>\n<\/div>\n<div class=\"event current\">\n<h6>July 2023<\/p>\n<h6>\n<h4>What Does the Purple Monster Want from Me? (Mor Canavar Benden Ne \u0130stiyor?)<\/h4>\n<h5>EKS\u0130K PAR\u00c7A \u00c7OCUK<\/h5>\n<p>There&#8217;s a monster under my bed.<\/p>\n<p>[vc_btn title=&#8221;EXPLORE&#8221; style=&#8221;outline&#8221; shape=&#8221;square&#8221; color=&#8221;black&#8221; align=&#8221;left&#8221; link=&#8221;url:https%3A%2F%2Fnihankaya.com%2Fen%2Fbook%2Fwhat-does-the-purple-monster-want-from-me-mor-canavar-benden-ne-istiyor%2F|title:What%20Does%20the%20Purple%20Monster%20Want%20from%20Me%3F|target:_blank|&#8221; size=&#8221;sm&#8221;]<\/p>\n<\/div>\n<div class=\"event current\">\n<h6>March 2023<\/p>\n<h6>\n<h4>The Giant Baby (Azman Bebek)<\/h4>\n<h5>EKS\u0130K PAR\u00c7A \u00c7OCUK<\/h5>\n<p>Naz has a sibling.<\/p>\n<p>[vc_btn title=&#8221;EXPLORE&#8221; style=&#8221;outline&#8221; shape=&#8221;square&#8221; color=&#8221;black&#8221; align=&#8221;left&#8221; link=&#8221;url:https%3A%2F%2Fnihankaya.com%2Fen%2Fbook%2Fthe-giant-baby-azman-bebek%2F|title:The%20Giant%20Baby|target:_blank|&#8221; size=&#8221;sm&#8221;]<\/p>\n<\/div>\n<div class=\"event current\">\n<h6>January 2023<\/p>\n<h6>\n<h4>The Child Who Loves Recess (Teneff\u00fcsleri Seven \u00c7ocuk)<\/h4>\n<h5>EKS\u0130K PAR\u00c7A \u00c7OCUK<\/h5>\n<p>Can gets bored during lessons.<\/p>\n<p>[vc_btn title=&#8221;EXPLORE&#8221; style=&#8221;outline&#8221; shape=&#8221;square&#8221; color=&#8221;black&#8221; align=&#8221;left&#8221; link=&#8221;url:https%3A%2F%2Fnihankaya.com%2Fen%2Fbook%2Fthe-child-who-loves-recess-teneffusleri-seven-cocuk%2F|title:The%20Child%20Who%20Loves%20Recess|target:_blank|&#8221; size=&#8221;sm&#8221;]<\/p>\n<\/div>\n<div class=\"event current\">\n<h6>July 2022<\/p>\n<h6>\n<h4>Swimming, Living and the Desire to Be (Y\u00fczmek, Ya\u015famak ve Olma Arzusu)<\/h4>\n<h5>EKS\u0130K PAR\u00c7A YAYINLARI<\/h5>\n<p>Human is the desire to be.<\/p>\n<p>[vc_btn title=&#8221;EXPLORE&#8221; style=&#8221;outline&#8221; shape=&#8221;square&#8221; color=&#8221;black&#8221; align=&#8221;left&#8221; link=&#8221;url:https%3A%2F%2Fnihankaya.com%2Fen%2Fbook%2Fswimming-living-and-the-desire-to-be-yuzmek-yasamak-ve-olma-arzusu%2F|title:Swimming%2C%20Living%20and%20the%20Desire%20to%20Be|target:_blank|&#8221; size=&#8221;sm&#8221;]<\/p>\n<\/div>\n<div class=\"event current\">\n<h6>November 2021<\/p>\n<h6>\n<h4>The Goose That Thought Red Boots Were Its Mother (K\u0131rm\u0131z\u0131 \u00c7izmeleri Annesi Zanneden Kaz)<\/h4>\n<h5>EKS\u0130K PAR\u00c7A \u00c7OCUK<\/h5>\n<p>The first thing Pafki saw when born was red boots! Pafki thinks the red boots are its mother.<\/p>\n<p>[vc_btn title=&#8221;EXPLORE&#8221; style=&#8221;outline&#8221; shape=&#8221;square&#8221; color=&#8221;black&#8221; align=&#8221;left&#8221; link=&#8221;url:https%3A%2F%2Fnihankaya.com%2Fen%2Fbook%2Fthe-goose-that-thought-red-boots-were-its-mother-kirmizi-cizmeleri-annesi-zanneden-kaz%2F|title:The%20Goose%20That%20Thought%20Red%20Boots%20Were%20Its%20Mother|target:_blank|&#8221; size=&#8221;sm&#8221;]<\/p>\n<\/div>\n<div class=\"event current\">\n<h6>November 2021<\/p>\n<h6>\n<h4>Cinderella Becomes a Dress Designer (Sinderella Elbise Tasar\u0131mc\u0131s\u0131 Oluyor)<\/h4>\n<h5>EKS\u0130K PAR\u00c7A \u00c7OCUK<\/h5>\n<p>Cinderella wants to work as a maid somewhere else, not at home, and earn her own money.<\/p>\n<p>[vc_btn title=&#8221;EXPLORE&#8221; style=&#8221;outline&#8221; shape=&#8221;square&#8221; color=&#8221;black&#8221; align=&#8221;left&#8221; link=&#8221;url:https%3A%2F%2Fnihankaya.com%2Fen%2Fbook%2Fcinderella-becomes-a-dress-designer-sinderella-elbise-tasarimcisi-oluyor%2F|title:Cinderella%20Becomes%20a%20Dress%20Designer|target:_blank|&#8221; size=&#8221;sm&#8221;]<\/p>\n<\/div>\n<div class=\"event current\">\n<h6>July 2021<\/p>\n<h6>\n<h4>Muffin Wants to Be Sad Today (Mafin Bug\u00fcn Mutsuz Olmak \u0130stiyor)<\/h4>\n<h5>EKS\u0130K PAR\u00c7A \u00c7OCUK<\/h5>\n<p>Muffin wants to be sad today.<\/p>\n<p>[vc_btn title=&#8221;EXPLORE&#8221; style=&#8221;outline&#8221; shape=&#8221;square&#8221; color=&#8221;black&#8221; align=&#8221;left&#8221; link=&#8221;url:https%3A%2F%2Fnihankaya.com%2Fen%2Fbook%2Fmuffin-wants-to-be-sad-today-mafin-bugun-mutsuz-olmak-istiyor%2F|title:Muffin%20Wants%20to%20Be%20Sad%20Today|target:_blank|&#8221; size=&#8221;sm&#8221;]<\/p>\n<\/div>\n<div class=\"event current\">\n<h6>July 2021<\/p>\n<h6>\n<h4>Rebel Sheep Melo (Asi Koyun Melo)<\/h4>\n<h5>EKS\u0130K PAR\u00c7A \u00c7OCUK<\/h5>\n<p>Melo is a sheep who loves its wool.<\/p>\n<p>[vc_btn title=&#8221;EXPLORE&#8221; style=&#8221;outline&#8221; shape=&#8221;square&#8221; color=&#8221;black&#8221; align=&#8221;left&#8221; link=&#8221;url:https%3A%2F%2Fnihankaya.com%2Fen%2Fbook%2Frebel-sheep-melo-asi-koyun-melo%2F|title:Rebel%20Sheep%20Melo|target:_blank|&#8221; size=&#8221;sm&#8221;]<\/p>\n<\/div>\n<div class=\"event current\">\n<h6>April 2021<\/p>\n<h6>\n<h4>I Will Not Sacrifice You (Seni Feda Etmeyece\u011fim)<\/h4>\n<h5>EKS\u0130K PAR\u00c7A YAYINLARI<\/h5>\n<p><em>Who will protect the children that no one protects?<\/em><br \/>\n<em>I Will Not Sacrifice You<\/em> is a philosophical text that bravely discusses the sacrifice narrative around topics such as religion, family, gender, and sexuality.<\/p>\n<p>[vc_btn title=&#8221;EXPLORE&#8221; style=&#8221;outline&#8221; shape=&#8221;square&#8221; color=&#8221;black&#8221; align=&#8221;left&#8221; link=&#8221;url:https%3A%2F%2Fnihankaya.com%2Fen%2Fbook%2Fi-will-not-sacrifice-you-seni-feda-etmeyecegim%2F|title:I%20Will%20Not%20Sacrifice%20You|target:_blank|&#8221; size=&#8221;sm&#8221;]<\/p>\n<\/div>\n<div class=\"event current\">\n<h6>March 2021<\/p>\n<h6>\n<h4>Princess A Wakes Up (Prenses A Uyan\u0131yor)<\/h4>\n<h5>EKS\u0130K PAR\u00c7A \u00c7OCUK<\/h5>\n<p>Princess A wakes up from her hundred-year sleep.<\/p>\n<p>[vc_btn title=&#8221;EXPLORE&#8221; style=&#8221;outline&#8221; shape=&#8221;square&#8221; color=&#8221;black&#8221; align=&#8221;left&#8221; link=&#8221;url:https%3A%2F%2Fnihankaya.com%2Fen%2Fbook%2Fprincess-a-wakes-up-prenses-a-uyaniyor%2F|title:Princess%20A%20Wakes%20Up|target:_blank|&#8221; size=&#8221;sm&#8221;]<\/p>\n<\/div>\n<div class=\"event current\">\n<h6>March 2021<\/p>\n<h6>\n<h4>Sahiku Wants to Be Friends with Children (Sahiku \u00c7ocuklarla Arkada\u015f Olmak \u0130stiyor)<\/h4>\n<h5>EKS\u0130K PAR\u00c7A \u00c7OCUK<\/h5>\n<p>Sahiku is a cockroach who wants to be friends with children.<\/p>\n<p>[vc_btn title=&#8221;EXPLORE&#8221; style=&#8221;outline&#8221; shape=&#8221;square&#8221; color=&#8221;black&#8221; align=&#8221;left&#8221; link=&#8221;url:https%3A%2F%2Fnihankaya.com%2Fen%2Fbook%2Fsahiku-wants-to-be-friends-with-children-sahiku-cocuklarla-arkadas-olmak-istiyor%2F|title:Sahiku%20Wants%20to%20Be%20Friends%20with%20Children|target:_blank|&#8221; size=&#8221;sm&#8221;]<\/p>\n<\/div>\n<div class=\"event current\">\n<h6>July 2020<\/p>\n<h6>\n<h4>Ada Paints the Walls with Her Mother (Ada Annesiyle Duvarlar\u0131 Boyuyor)<\/h4>\n<h5>EKS\u0130K PAR\u00c7A \u00c7OCUK<\/h5>\n<p>Ada is a little girl who travels the world with magical pink dust in her palms.<\/p>\n<p>[vc_btn title=&#8221;EXPLORE&#8221; style=&#8221;outline&#8221; shape=&#8221;square&#8221; color=&#8221;black&#8221; align=&#8221;left&#8221; link=&#8221;url:https%3A%2F%2Fnihankaya.com%2Fen%2Fbook%2Fada-paints-the-walls-with-her-mother-ada-annesiyle-duvarlari-boyuyor%2F|title:Ada%20Paints%20the%20Walls%20with%20Her%20Mother|target:_blank|&#8221; size=&#8221;sm&#8221;]<\/p>\n<\/div>\n<div class=\"event current\">\n<h6>July 2020<\/p>\n<h6>\n<h4>The Driver Who Missed the Bus (Otob\u00fcs\u00fc Ka\u00e7\u0131ran \u015eof\u00f6r)<\/h4>\n<h5>EKS\u0130K PAR\u00c7A \u00c7OCUK<\/h5>\n<p>Animo is a bus driver.<\/p>\n<p>[vc_btn title=&#8221;EXPLORE&#8221; style=&#8221;outline&#8221; shape=&#8221;square&#8221; color=&#8221;black&#8221; align=&#8221;left&#8221; link=&#8221;url:https%3A%2F%2Fnihankaya.com%2Fen%2Fbook%2Fthe-driver-who-missed-the-bus-otobusu-kaciran-sofor%2F|title:The%20Driver%20Who%20Missed%20the%20Bus|target:_blank|&#8221; size=&#8221;sm&#8221;]<\/p>\n<\/div>\n<div class=\"event current\">\n<h6>March 2020<\/p>\n<h6>\n<h4>Thresholds and Pathways Between Jung and Lacan On the Blazing Sublime<\/h4>\n<h5>Foreign Publications<\/h5>\n<p>Chapter 15 of the book examines the intersection points between Jung and Lacan, analyzing how unconscious processes are interpreted through different perspectives.<\/p>\n<p>[vc_btn title=&#8221;EXPLORE&#8221; style=&#8221;outline&#8221; shape=&#8221;square&#8221; color=&#8221;black&#8221; align=&#8221;left&#8221; link=&#8221;url:https%3A%2F%2Fnihankaya.com%2Fen%2Fbook%2Fthresholds-and-pathways-between-jung-and-lacan-on-the-blazing-sublime%2F|title:Thresholds%20and%20Pathways%20Between|target:_blank|&#8221; size=&#8221;sm&#8221;]<\/p>\n<\/div>\n<div class=\"event current\">\n<h6>September 2019<\/p>\n<h6>\n<h4>All Children Are Good (B\u00fct\u00fcn \u00c7ocuklar \u0130yidir)<\/h4>\n<h5>\u0130THAK\u0130 YAYINLARI<\/h5>\n<p>This book was written for both children and adults.<\/p>\n<p>[vc_btn title=&#8221;EXPLORE&#8221; style=&#8221;outline&#8221; shape=&#8221;square&#8221; color=&#8221;black&#8221; align=&#8221;left&#8221; link=&#8221;url:https%3A%2F%2Fnihankaya.com%2Fen%2Fbook%2Fall-children-are-good-butun-cocuklar-iyidir%2F|title:All%20Children%20Are%20Good|target:_blank|&#8221; size=&#8221;sm&#8221;]<\/p>\n<\/div>\n<div class=\"event current\">\n<h6>March 2019<\/p>\n<h6>\n<h4>There Are No Good Societies (\u0130yi Toplum Yoktur)<\/h4>\n<h5>\u0130THAK\u0130 YAYINLARI<\/h5>\n<p>After her groundbreaking book There Are No Good Societies, Nihan Kaya explains how we are unknowingly shaped to fit into society and how this mechanism prevents both society and the individual from truly existing.<\/p>\n<p>[vc_btn title=&#8221;EXPLORE&#8221; style=&#8221;outline&#8221; shape=&#8221;square&#8221; color=&#8221;black&#8221; align=&#8221;left&#8221; link=&#8221;url:https%3A%2F%2Fnihankaya.com%2Fen%2Fbook%2Fthere-is-no-such-thing-as-a-perfect-society-iyi-toplum-yoktur%2F|title:There%20Are%20No%20Good%20Societies|target:_blank|&#8221; size=&#8221;sm&#8221;]<\/p>\n<\/div>\n<div class=\"event current\">\n<h6>September 2018<\/p>\n<h6>\n<h4>There Are No Good Families (\u0130yi Aile Yoktur)<\/h4>\n<h5>\u0130THAK\u0130 YAYINLARI<\/h5>\n<p>There are no good families.<\/p>\n<p>[vc_btn title=&#8221;EXPLORE&#8221; style=&#8221;outline&#8221; shape=&#8221;square&#8221; color=&#8221;black&#8221; align=&#8221;left&#8221; link=&#8221;url:https%3A%2F%2Fnihankaya.com%2Fen%2Fbook%2Fthere-is-no-such-thing-as-a-perfect-family-iyi-aile-yoktur%2F|title:There%20Is%20No%20Such%20Thing%20as%20a%20Perfect%20Family|target:_blank|&#8221; size=&#8221;sm&#8221;]<\/p>\n<\/div>\n<div class=\"event current\">\n<h6>September 2017<\/p>\n<h6>\n<h4>Resentment and After: Why I&#8217;m No Longer Resentful (K\u0131rg\u0131nl\u0131k ve Sonras\u0131 Art\u0131k Neden K\u0131rg\u0131n De\u011filim)<\/h4>\n<h5>OKUYAN US YAYIN<\/h5>\n<p><strong><em>Resentment and After<\/em><\/strong><br \/>\n<em><strong>Why I&#8217;m No Longer Resentful<\/strong><\/em><\/p>\n<p><strong>Nihan Kaya<\/strong><\/p>\n<p><em>Seven years after its publication, Nihan Kaya brings her novel Resentment back to readers while also telling the story of how it was written.<\/em><\/p>\n<p>[vc_btn title=&#8221;EXPLORE&#8221; style=&#8221;outline&#8221; shape=&#8221;square&#8221; color=&#8221;black&#8221; align=&#8221;left&#8221; link=&#8221;url:https%3A%2F%2Fnihankaya.com%2Fen%2Fbook%2Fresentment-kirginlik-ve-sonrasi-artik-neden-kirgin-degilim%2F|title:Resentment%20and%20After|target:_blank|&#8221; size=&#8221;sm&#8221;]<\/p>\n<\/div>\n<div class=\"event current\">\n<h6>June 2016<\/p>\n<h6>\n<h4>Snow and Pearls (Kar ve \u0130nci)<\/h4>\n<h5>\u0130THAK\u0130 YAYINLARI<\/h5>\n<p>December 21.<\/p>\n<p>[vc_btn title=&#8221;EXPLORE&#8221; style=&#8221;outline&#8221; shape=&#8221;square&#8221; color=&#8221;black&#8221; align=&#8221;left&#8221; link=&#8221;url:https%3A%2F%2Fnihankaya.com%2Fen%2Fbook%2Fsnow-and-pearls-kar-ve-inci%2F|title:Snow%20and%20Pearls|target:_blank|&#8221; size=&#8221;sm&#8221;]<\/p>\n<\/div>\n<div class=\"event current\">\n<h6>September 2013<\/p>\n<h6>\n<h4>The Courage to Write (Yazma Cesareti)<\/h4>\n<h5>\u0130THAK\u0130 YAYINLARI<\/h5>\n<p>Maintaining its position as the first Turkish resource to address creativity in all its dimensions, <em>The Courage to Write<\/em> meets readers again.<\/p>\n<p>[vc_btn title=&#8221;EXPLORE&#8221; style=&#8221;outline&#8221; shape=&#8221;square&#8221; color=&#8221;black&#8221; align=&#8221;left&#8221; link=&#8221;url:https%3A%2F%2Fnihankaya.com%2Fen%2Fbook%2Fthe-courage-to-write-yazma-cesareti%2F|title:The%20Courage%20to%20Write|target:_blank|&#8221; size=&#8221;sm&#8221;]<\/p>\n<\/div>\n<div class=\"event current\">\n<h6>May 2012<\/p>\n<h6>\n<h4>But I&#8217;m Not One of You (Ama Sizden De\u011filim)<\/h4>\n<h5>EKS\u0130K PAR\u00c7A YAYINLARI<\/h5>\n<p><em>But I&#8217;m Not One of You<\/em>, which Nihan Kaya calls &#8220;my most fun and easiest book to read,&#8221; consists of stories where humor and pain intertwine.<\/p>\n<p>[vc_btn title=&#8221;EXPLORE&#8221; style=&#8221;outline&#8221; shape=&#8221;square&#8221; color=&#8221;black&#8221; align=&#8221;left&#8221; link=&#8221;url:https%3A%2F%2Fnihankaya.com%2Fen%2Fbook%2Fbut-im-not-one-of-you-ama-sizden-degilim%2F|title:But%20I&#8217;m%20Not%20One%20of%20You|target:_blank|&#8221; size=&#8221;sm&#8221;]<\/p>\n<\/div>\n<div class=\"event current\">\n<h6>November 2011<\/p>\n<h6>\n<h4>Ivory Well Volume 1 (Fildi\u015fi Kuyu Cilt 1)<\/h4>\n<h5>OKUYAN US YAYIN<\/h5>\n<p>Nihan Kaya, who reunites with her readers at Okuyan Us with <em>Don&#8217;t Force Me to Milk, Let Me Feed You<\/em>, greets her readers with a new foreword to Ivory Well!<\/p>\n<p><em>Ivory Well<\/em> consists of papers that Nihan Kaya has presented at international psychology conferences over the last twenty years.<\/p>\n<p>[vc_btn title=&#8221;EXPLORE&#8221; style=&#8221;outline&#8221; shape=&#8221;square&#8221; color=&#8221;black&#8221; align=&#8221;left&#8221; link=&#8221;url:https%3A%2F%2Fnihankaya.com%2Fen%2Fbook%2Fivory-well-volume-1-fildisi-kuyu-cilt-1%2F|title:Ivory%20Well%20Volume%201|target:_blank|&#8221; size=&#8221;sm&#8221;]<\/p>\n<\/div>\n<div class=\"event current\">\n<h6>October 2008<\/p>\n<h6>\n<h4>Dyspareunia or the Fear of Living (Dispar\u00f6ni ya da Ya\u015fama Korkusu)<\/h4>\n<h5>OKUYAN US YAYIN<\/h5>\n<p>Cem is a showman with a colorful life in front of the cameras.<\/p>\n<p>[vc_btn title=&#8221;EXPLORE&#8221; style=&#8221;outline&#8221; shape=&#8221;square&#8221; color=&#8221;black&#8221; align=&#8221;left&#8221; link=&#8221;url:https%3A%2F%2Fnihankaya.com%2Fen%2Fbook%2Fdyspareunia-or-the-fear-of-living-disparoni-ya-da-yasama-korkusu%2F|title:Dyspareunia%20or%20the%20Fear%20of%20Living|target:_blank|&#8221; size=&#8221;sm&#8221;]<\/p>\n<\/div>\n<div class=\"event current\">\n<h6>January 2008<\/p>\n<h6>\n<h4>Dreaming the Myth Onwards: New Directions in Jungian Therapy and Thought<\/h4>\n<h5>Foreign Publications<\/h5>\n<p>The first chapter of the book explores the psychological depth of myths and their effects on Jungian therapy.<\/p>\n<p>[vc_btn title=&#8221;EXPLORE&#8221; style=&#8221;outline&#8221; shape=&#8221;square&#8221; color=&#8221;black&#8221; align=&#8221;left&#8221; link=&#8221;url:https%3A%2F%2Fnihankaya.com%2Fen%2Fbook%2Fdreaming-the-myth-onwards-new-directions-in-jungian-therapy-and-thought%2F|title:Dreaming%20the%20Myth%20Onwards|target:_blank|&#8221; size=&#8221;sm&#8221;]<\/p>\n<\/div>\n<div class=\"event current\">\n<h6>October 2006<\/p>\n<h6>\n<h4>Haze (Bu\u011fu)<\/h4>\n<h5>OKUYAN US YAYIN<\/h5>\n<p>Nihan Kaya&#8217;s novel <em>Haze<\/em> explores the deep and complex relationship between two characters from different cultural and social backgrounds.<\/p>\n<p>[vc_btn title=&#8221;EXPLORE&#8221; style=&#8221;outline&#8221; shape=&#8221;square&#8221; color=&#8221;black&#8221; align=&#8221;left&#8221; link=&#8221;url:https%3A%2F%2Fnihankaya.com%2Fen%2Fbook%2Fhaze-bugu%2F|title:Haze|target:_blank|&#8221; size=&#8221;sm&#8221;]<\/p>\n<\/div>\n<div class=\"event current\">\n<h6>October 2004<\/p>\n<h6>\n<h4>The Attic (\u00c7at\u0131 Kat\u0131)<\/h4>\n<h5>EKS\u0130K PAR\u00c7A YAYINLARI<\/h5>\n<p><em>The Attic<\/em>, consisting of stories written by Nihan Kaya in her early youth, received the Turkish Writers&#8217; Union Award in 2004.<\/p>\n<p>[vc_btn title=&#8221;EXPLORE&#8221; style=&#8221;outline&#8221; shape=&#8221;square&#8221; color=&#8221;black&#8221; align=&#8221;left&#8221; link=&#8221;url:https%3A%2F%2Fnihankaya.com%2Fen%2Fbook%2Fthe-attic-cati-kati%2F|title:The%20Attic|target:_blank|&#8221; size=&#8221;sm&#8221;]<\/p>\n<\/div>\n<div class=\"event current\">\n<h6>September 2003<\/p>\n<h6>\n<h4>Gizli \u00d6zne (Hidden Subject)<\/h4>\n<h5>OKUYAN US YAYIN<\/h5>\n<p>A young woman boarding an IETT bus in her wedding dress.<\/p>\n<p>[vc_btn title=&#8221;EXPLORE&#8221; style=&#8221;outline&#8221; shape=&#8221;square&#8221; color=&#8221;black&#8221; align=&#8221;left&#8221; link=&#8221;url:https%3A%2F%2Fnihankaya.com%2Fen%2Fbook%2Fgizli-ozne-hidden-subject%2F|title:Hidden%20Subject|target:_blank|&#8221; size=&#8221;sm&#8221;]<\/p>\n<\/div>\n<p>[vc_btn title=&#8221;All Books&#8221; style=&#8221;flat&#8221; shape=&#8221;square&#8221; color=&#8221;black&#8221; align=&#8221;left&#8221; i_icon_fontawesome=&#8221;fas fa-external-link-alt&#8221; add_icon=&#8221;true&#8221; link=&#8221;url:https%3A%2F%2Fnihankaya.com%2Fen%2Fbooks%2F|title:Books|&#8221;][\/vc_column][\/vc_row]<\/p>\n<\/div>","protected":false},"excerpt":{"rendered":"<p>[vc_row][vc_column][vc_btn title=&#8221;All Books&#8221; style=&#8221;flat&#8221; shape=&#8221;square&#8221; color=&#8221;black&#8221; align=&#8221;left&#8221; i_icon_fontawesome=&#8221;fas fa-external-link-alt&#8221; add_icon=&#8221;true&#8221; link=&#8221;url:https%3A%2F%2Fnihankaya.com%2Fen%2Fbooks%2F|title:Books|&#8221;][\/vc_column][\/vc_row]<\/p>\n","protected":false},"author":1,"featured_media":0,"parent":0,"menu_order":0,"comment_status":"closed","ping_status":"closed","template":"page_template-medium.php","meta":{"inline_featured_image":false,"footnotes":""},"class_list":["post-3479","page","type-page","status-publish","hentry"],"_links":{"self":[{"href":"https:\/\/nihankaya.com\/en\/wp-json\/wp\/v2\/pages\/3479","targetHints":{"allow":["GET"]}}],"collection":[{"href":"https:\/\/nihankaya.com\/en\/wp-json\/wp\/v2\/pages"}],"about":[{"href":"https:\/\/nihankaya.com\/en\/wp-json\/wp\/v2\/types\/page"}],"author":[{"embeddable":true,"href":"https:\/\/nihankaya.com\/en\/wp-json\/wp\/v2\/users\/1"}],"replies":[{"embeddable":true,"href":"https:\/\/nihankaya.com\/en\/wp-json\/wp\/v2\/comments?post=3479"}],"version-history":[{"count":13,"href":"https:\/\/nihankaya.com\/en\/wp-json\/wp\/v2\/pages\/3479\/revisions"}],"predecessor-version":[{"id":3674,"href":"https:\/\/nihankaya.com\/en\/wp-json\/wp\/v2\/pages\/3479\/revisions\/3674"}],"wp:attachment":[{"href":"https:\/\/nihankaya.com\/en\/wp-json\/wp\/v2\/media?parent=3479"}],"curies":[{"name":"wp","href":"https:\/\/api.w.org\/{rel}","templated":true}]}}